{"id":5754,"date":"2025-07-30T10:15:44","date_gmt":"2025-07-30T10:15:44","guid":{"rendered":"https:\/\/collectiuargelaga.org\/?page_id=5754"},"modified":"2025-12-04T03:56:27","modified_gmt":"2025-12-04T03:56:27","slug":"cossos-sense-mites","status":"publish","type":"page","link":"https:\/\/collectiuargelaga.org\/es\/cossos-sense-mites\/","title":{"rendered":"CUERPOS SIN MITOS"},"content":{"rendered":"<div data-elementor-type=\"wp-page\" data-elementor-id=\"5754\" class=\"elementor elementor-5754\" data-elementor-post-type=\"page\">\n\t\t\t\t<div class=\"elementor-element elementor-element-a0dc13a e-flex e-con-boxed e-con e-parent\" data-id=\"a0dc13a\" data-element_type=\"container\" data-e-type=\"container\">\n\t\t\t\t\t<div class=\"e-con-inner\">\n\t\t\t\t<div class=\"elementor-element elementor-element-d978ed6 elementor-widget elementor-widget-heading\" data-id=\"d978ed6\" data-element_type=\"widget\" data-e-type=\"widget\" data-widget_type=\"heading.default\">\n\t\t\t\t\t<h2 class=\"elementor-heading-title elementor-size-default\">Cuerpos sin mitos<\/h2>\t\t\t\t<\/div>\n\t\t<div class=\"elementor-element elementor-element-8ae4b56 e-grid e-con-full e-con e-child\" data-id=\"8ae4b56\" data-element_type=\"container\" data-e-type=\"container\">\n\t\t\t\t<div class=\"elementor-element elementor-element-f746f43 elementor-widget elementor-widget-text-editor\" data-id=\"f746f43\" data-element_type=\"widget\" data-e-type=\"widget\" data-widget_type=\"text-editor.default\">\n\t\t\t\t\t\t\t\t\t<p><span style=\"font-weight: 400;\">Cuerpos sin mitos es un proyecto de difusi\u00f3n y visibilizaci\u00f3n de diferentes corporalidades genitales para visibilizar los cuerpos intersex, trans y disidentes en general.\u00a0<\/span><\/p>\n<p><span style=\"font-weight: 400;\">El proyecto consta de un folleto informativo y de un pack de 8 figuras de genitales hechos de forma artesanal y pintados a mano. Pueden ser utilizados como artesan\u00eda decorativa o como herramienta educativa para visibilizar genitales con diferentes colores de piel, distintos estados (erecci\u00f3n - flacidez) o una peque\u00f1a parte de las diferentes posibilidades que encontramos en la diversidad corporal.<\/span><\/p>\n\t\t\t\t\t\t\t\t<\/div>\n\t\t\t\t<div class=\"elementor-element elementor-element-252e019 elementor-widget elementor-widget-image\" data-id=\"252e019\" data-element_type=\"widget\" data-e-type=\"widget\" data-widget_type=\"image.default\">\n\t\t\t\t\t\t\t\t\t\t\t\t\t\t\t<img fetchpriority=\"high\" decoding=\"async\" width=\"2048\" height=\"1536\" src=\"https:\/\/collectiuargelaga.org\/wp-content\/uploads\/2025\/07\/Cossos-sense-mites-2048x1536.jpeg\" class=\"attachment-2048x2048 size-2048x2048 wp-image-5757\" alt=\"\" srcset=\"https:\/\/collectiuargelaga.org\/wp-content\/uploads\/2025\/07\/Cossos-sense-mites-2048x1536.jpeg 2048w, https:\/\/collectiuargelaga.org\/wp-content\/uploads\/2025\/07\/Cossos-sense-mites-300x225.jpeg 300w, https:\/\/collectiuargelaga.org\/wp-content\/uploads\/2025\/07\/Cossos-sense-mites-1024x768.jpeg 1024w, https:\/\/collectiuargelaga.org\/wp-content\/uploads\/2025\/07\/Cossos-sense-mites-768x576.jpeg 768w, https:\/\/collectiuargelaga.org\/wp-content\/uploads\/2025\/07\/Cossos-sense-mites-1536x1152.jpeg 1536w\" sizes=\"(max-width: 2048px) 100vw, 2048px\" \/>\t\t\t\t\t\t\t\t\t\t\t\t\t\t\t<\/div>\n\t\t\t\t<div class=\"elementor-element elementor-element-057773c elementor-align-center elementor-widget elementor-widget-button\" data-id=\"057773c\" data-element_type=\"widget\" data-e-type=\"widget\" data-widget_type=\"button.default\">\n\t\t\t\t\t\t\t\t\t\t<a class=\"elementor-button elementor-button-link elementor-size-sm\" href=\"https:\/\/zoegrks.bigcartel.com\/category\/cossos-sense-mites\">\n\t\t\t\t\t\t<span class=\"elementor-button-content-wrapper\">\n\t\t\t\t\t\t\t\t\t<span class=\"elementor-button-text\">Cons\u00edguelo aqu\u00ed<\/span>\n\t\t\t\t\t<\/span>\n\t\t\t\t\t<\/a>\n\t\t\t\t\t\t\t\t<\/div>\n\t\t\t\t<\/div>\n\t\t\t\t\t<\/div>\n\t\t\t\t<\/div>\n\t\t\t\t<\/div>","protected":false},"excerpt":{"rendered":"<p>Cossos sense mites Cossos sense mites \u00e9s un projecte de difusi\u00f3 i visibilitzaci\u00f3 de diferents corporalitats genitals per visibilitzar els cossos intersex, trans i dissidents en general.\u00a0 El projecte consta d\u2019un fullet\u00f3 informatiu i d\u2019un pack de 8 figures de genitals fets de manera artesanal i pintats a m\u00e0. Poden ser utilitzats com a artesania [&hellip;]<\/p>\n","protected":false},"author":2,"featured_media":0,"parent":0,"menu_order":0,"comment_status":"closed","ping_status":"closed","template":"elementor_header_footer","meta":{"_acf_changed":false,"footnotes":""},"class_list":["post-5754","page","type-page","status-publish","hentry"],"acf":[],"_links":{"self":[{"href":"https:\/\/collectiuargelaga.org\/es\/wp-json\/wp\/v2\/pages\/5754","targetHints":{"allow":["GET"]}}],"collection":[{"href":"https:\/\/collectiuargelaga.org\/es\/wp-json\/wp\/v2\/pages"}],"about":[{"href":"https:\/\/collectiuargelaga.org\/es\/wp-json\/wp\/v2\/types\/page"}],"author":[{"embeddable":true,"href":"https:\/\/collectiuargelaga.org\/es\/wp-json\/wp\/v2\/users\/2"}],"replies":[{"embeddable":true,"href":"https:\/\/collectiuargelaga.org\/es\/wp-json\/wp\/v2\/comments?post=5754"}],"version-history":[{"count":4,"href":"https:\/\/collectiuargelaga.org\/es\/wp-json\/wp\/v2\/pages\/5754\/revisions"}],"predecessor-version":[{"id":5760,"href":"https:\/\/collectiuargelaga.org\/es\/wp-json\/wp\/v2\/pages\/5754\/revisions\/5760"}],"wp:attachment":[{"href":"https:\/\/collectiuargelaga.org\/es\/wp-json\/wp\/v2\/media?parent=5754"}],"curies":[{"name":"wp","href":"https:\/\/api.w.org\/{rel}","templated":true}]}}