{"id":7,"date":"2018-05-21T05:54:48","date_gmt":"2018-05-21T05:54:48","guid":{"rendered":"http:\/\/stylemixthemes.com\/masterstudy\/lms-white\/?page_id=7"},"modified":"2026-03-18T17:36:55","modified_gmt":"2026-03-18T17:36:55","slug":"home","status":"publish","type":"page","link":"https:\/\/collectiuargelaga.org\/es\/","title":{"rendered":"Home"},"content":{"rendered":"<div data-elementor-type=\"wp-page\" data-elementor-id=\"7\" class=\"elementor elementor-7\" data-elementor-post-type=\"page\">\n\t\t\t\t\t\t<section class=\"elementor-section elementor-top-section elementor-element elementor-element-4eb8be0 elementor-section-stretched elementor-section-boxed elementor-section-height-default elementor-section-height-default\" data-id=\"4eb8be0\" data-element_type=\"section\" data-e-type=\"section\" data-settings=\"{&quot;background_background&quot;:&quot;classic&quot;,&quot;stretch_section&quot;:&quot;section-stretched&quot;}\">\n\t\t\t\t\t\t<div class=\"elementor-container elementor-column-gap-default\">\n\t\t\t\t\t<div class=\"elementor-column elementor-col-100 elementor-top-column elementor-element elementor-element-4eb90ae\" data-id=\"4eb90ae\" data-element_type=\"column\" data-e-type=\"column\">\n\t\t\t<div class=\"elementor-widget-wrap elementor-element-populated\">\n\t\t\t\t\t\t<div class=\"elementor-element elementor-element-4eb942e elementor-widget elementor-widget-stm_empty_space\" data-id=\"4eb942e\" data-element_type=\"widget\" data-e-type=\"widget\" data-widget_type=\"stm_empty_space.default\">\n\t\t\t\t<div class=\"elementor-widget-container\">\n\t\t\t\t\t    <style type=\"text\/css\">\n        @media (max-width: 1440px) {\n            .module__c0f93831515c2a3e09d75d8ef7d5c94b {\n                height : 150px !important;\n            }\n        }\n    <\/style>\n    <style type=\"text\/css\">\n        @media (max-width: 1024px) {\n            .module__c0f93831515c2a3e09d75d8ef7d5c94b {\n                height : 100px !important;\n            }\n        }\n    <\/style>\n    <style type=\"text\/css\">\n        @media (max-width: 768px) {\n            .module__c0f93831515c2a3e09d75d8ef7d5c94b {\n                height : 80px !important;\n            }\n        }\n    <\/style>\n\n<div class=\"masterstudy_elementor_empty_space module__c0f93831515c2a3e09d75d8ef7d5c94b\"\n         style=\"height: 32px\" >\n    <span class=\"vc_empty_space_inner\"><\/span>\n<\/div>\n\t\t\t\t<\/div>\n\t\t\t\t<\/div>\n\t\t\t\t<div class=\"elementor-element elementor-element-3e4545a elementor-headline--style-rotate elementor-widget elementor-widget-animated-headline\" data-id=\"3e4545a\" data-element_type=\"widget\" data-e-type=\"widget\" data-settings=\"{&quot;headline_style&quot;:&quot;rotate&quot;,&quot;rotating_text&quot;:&quot;Interseccional&quot;,&quot;animation_type&quot;:&quot;wave&quot;,&quot;loop&quot;:&quot;yes&quot;,&quot;rotate_iteration_delay&quot;:2500}\" data-widget_type=\"animated-headline.default\">\n\t\t\t\t\t\t\t<h1 class=\"elementor-headline elementor-headline-animation-type-wave elementor-headline-letters\">\n\t\t\t\t\t<span class=\"elementor-headline-plain-text elementor-headline-text-wrapper\">Acci\u00f3n Comunitaria<\/span>\n\t\t\t\t<span class=\"elementor-headline-dynamic-wrapper elementor-headline-text-wrapper\">\n\t\t\t\t\t<span class=\"elementor-headline-dynamic-text elementor-headline-text-active\">\n\t\t\t\tInterseccional\t\t\t<\/span>\n\t\t\t\t\t\t<\/span>\n\t\t\t\t<\/h1>\n\t\t\t\t\t\t<\/div>\n\t\t\t\t<div class=\"elementor-element elementor-element-4eb98bd elementor-widget elementor-widget-text-editor\" data-id=\"4eb98bd\" data-element_type=\"widget\" data-e-type=\"widget\" data-widget_type=\"text-editor.default\">\n\t\t\t\t\t\t\t\t\t<p><span style=\"font-weight: 400;\">Acompa\u00f1amos la transformaci\u00f3n de entornos hacia modelos m\u00e1s seguros e inclusivos<\/span><\/p>\n\t\t\t\t\t\t\t\t<\/div>\n\t\t\t\t<div class=\"elementor-element elementor-element-88a9755 elementor-view-default elementor-widget elementor-widget-icon\" data-id=\"88a9755\" data-element_type=\"widget\" data-e-type=\"widget\" data-widget_type=\"icon.default\">\n\t\t\t\t\t\t\t<div class=\"elementor-icon-wrapper\">\n\t\t\t<div class=\"elementor-icon elementor-animation-buzz\">\n\t\t\t<svg xmlns=\"http:\/\/www.w3.org\/2000\/svg\" xmlns:xlink=\"http:\/\/www.w3.org\/1999\/xlink\" xmlns:serif=\"http:\/\/www.serif.com\/\" width=\"100%\" height=\"100%\" viewbox=\"0 0 4500 4500\" xml:space=\"preserve\" style=\"fill-rule:evenodd;clip-rule:evenodd;stroke-linejoin:round;stroke-miterlimit:2;\"><rect id=\"L_IMAGO_N\" x=\"0\" y=\"0\" width=\"4500\" height=\"4500\" style=\"fill:none;\"><\/rect><g><path d=\"M2793.93,3011.4c-13.307,5.431 -28.521,-0.963 -33.952,-14.27c-5.431,-13.307 0.963,-28.52 14.27,-33.952c-0,0 633.187,-257.91 695.844,-892.386c1.412,-14.304 14.172,-24.769 28.475,-23.357c14.303,1.413 24.769,14.172 23.356,28.475c-65.633,664.619 -727.993,935.49 -727.993,935.49Z\" style=\"fill:#393939;\"><\/path><path d=\"M1772.16,2896.35c13.876,3.748 22.097,18.056 18.349,31.932c-3.748,13.875 -18.057,22.097 -31.932,18.349c-0,-0 -668.889,-180.975 -782.886,-840.216c-2.449,-14.163 7.061,-27.649 21.224,-30.098c14.162,-2.449 27.649,7.061 30.098,21.223c108.436,627.084 745.147,798.81 745.147,798.81Z\" style=\"fill:#393939;\"><\/path><path d=\"M1281.86,1439.21c74.066,68.054 126.066,148.623 162.423,236.566c84.623,204.699 83.546,449.958 82.504,666.423c-0.705,146.492 -1.94,244.707 36.566,331.641c38.273,86.408 116,160.736 269.292,261.937c271.168,179.022 368.66,375.168 418.323,485.492c50.284,-99.12 170.186,-244.32 378.59,-358.318c237.996,-130.186 392.077,-371.291 384.793,-637.128c-6.012,-219.425 7.172,-558.196 267.325,-896.452c5.195,-6.754 13.366,-10.54 21.878,-10.136c8.511,0.404 16.287,4.947 20.818,12.164c273.282,435.205 240.76,868.913 126.395,1169.32c-139.943,367.594 -432.717,640.682 -802.718,757.549c-338.549,106.932 -715.726,84.586 -1049.16,-115.078c-384.615,-230.308 -502.762,-511.398 -579.489,-750.463c-108.432,-337.851 -40.466,-672.419 76.034,-915.594c44.902,-93.726 97.006,-173.88 148.888,-235.517c4.574,-5.434 11.169,-8.764 18.258,-9.218c7.088,-0.455 14.054,2.006 19.285,6.812Zm1004.33,2029.49c117.641,-4.029 234.115,-24.701 346.174,-60.095c354.795,-112.064 635.538,-373.928 769.729,-726.414c106.993,-281.042 139.006,-683.506 -101.947,-1090.5c-228.364,315.39 -239.336,628.07 -233.729,832.706c7.816,285.241 -156.494,544.559 -411.862,684.247c-215.879,118.088 -332.069,269.789 -368.365,360.054Zm-70.813,0.403c-44.467,-100.085 -131.031,-304.745 -411.425,-489.858c-165.198,-109.061 -246.972,-191.192 -288.218,-284.31c-41.011,-92.591 -41.778,-196.961 -41.027,-352.985c1.009,-209.863 3.488,-447.817 -78.555,-646.273c-30.139,-72.906 -71.822,-140.396 -129.579,-198.871c-43.506,55.406 -86.463,124.123 -124.17,202.832c-111.618,232.983 -177.302,553.483 -73.414,877.175c73.755,229.805 186.937,500.307 556.654,721.695c187.462,112.252 389.344,165.984 589.734,170.595Z\" style=\"fill:#393939;\"><\/path><path d=\"M2278.24,3483.84l3.55,25.798l-51.596,7.102l-3.551,-25.799c-0,0 -27.616,-201.764 -117.424,-352.529c-88.928,-149.289 -231.726,-288.392 -275.473,-502.047c-31.109,-151.929 -5.271,-288.296 14.807,-412.661c18.641,-115.465 33.14,-219.913 -19.154,-316.468l-12.402,-22.899l45.798,-24.804l12.402,22.899c57.803,106.728 45.379,221.943 24.774,349.573c-19.168,118.727 -44.898,248.872 -15.2,393.912c42.431,207.23 182.941,341.042 269.194,485.84c94.815,159.172 124.275,372.083 124.275,372.083Z\" style=\"fill:#393939;\"><\/path><path d=\"M2278.47,3486.6l0.794,26.029l-52.059,1.59l-0.794,-26.03c-0,0 -6.2,-172.81 141.995,-347.705c52.188,-61.591 156.55,-146.703 243.41,-234.043c54.751,-55.053 102.655,-110.668 123.051,-161.759c68.208,-170.853 40.32,-319.385 10.295,-458.944c-32.159,-149.482 -65.902,-289.403 -5.871,-434.056l9.982,-24.052l48.105,19.963l-9.982,24.053c-55.762,134.367 -21.189,264.283 8.685,403.138c32.008,148.776 59.87,307.071 -12.843,489.209c-22.483,56.317 -74.14,118.49 -134.493,179.175c-85.794,86.268 -189.055,170.151 -240.602,230.986c-133.48,157.528 -129.673,312.446 -129.673,312.446Z\" style=\"fill:#393939;\"><\/path><path d=\"M2276.69,3477.88l9.506,24.245l-48.489,19.012l-9.507,-24.245c0,0 -61.422,-152.568 28.443,-407.475c84.896,-240.81 134.599,-432.944 92.822,-660.552c-28.768,-156.733 -84.442,-260.245 -130.108,-357.645c-72.143,-153.871 -121.502,-293.041 -17.843,-584.358l8.73,-24.535l49.07,17.46l-8.73,24.535c-96.636,271.58 -51.325,401.342 15.93,544.789c47.266,100.812 104.402,208.128 134.178,370.351c43.453,236.738 -6.628,436.803 -94.929,687.272c-81.904,232.326 -29.073,371.146 -29.073,371.146Z\" style=\"fill:#393939;\"><\/path><path d=\"M1604.01,1709.61c29.347,-85.588 120.81,-131.465 203.804,-103.007c82.994,28.457 127.061,120.806 97.714,206.393c-29.347,85.588 -120.81,131.465 -203.804,103.007c-82.993,-28.457 -127.06,-120.806 -97.714,-206.393Zm49.268,16.893c-19.882,57.984 9.113,120.953 65.34,140.232c56.227,19.28 117.76,-12.648 137.642,-70.632c19.882,-57.984 -9.112,-120.953 -65.339,-140.233c-56.228,-19.279 -117.761,12.649 -137.643,70.633Z\" style=\"fill:#393939;\"><\/path><path d=\"M2137.9,1304.54c29.347,-85.588 120.81,-131.465 203.804,-103.007c82.994,28.457 127.061,120.806 97.714,206.393c-29.347,85.588 -120.81,131.465 -203.804,103.007c-82.994,-28.457 -127.061,-120.806 -97.714,-206.393Zm49.268,16.893c-19.882,57.984 9.112,120.953 65.34,140.233c56.227,19.279 117.76,-12.649 137.642,-70.633c19.882,-57.984 -9.112,-120.953 -65.34,-140.232c-56.227,-19.28 -117.76,12.648 -137.642,70.632Z\" style=\"fill:#393939;\"><\/path><path d=\"M2664.27,1671c29.347,-85.587 120.81,-131.464 203.804,-103.007c82.994,28.458 127.061,120.806 97.714,206.393c-29.347,85.588 -120.81,131.465 -203.804,103.007c-82.994,-28.457 -127.061,-120.805 -97.714,-206.393Zm49.268,16.893c-19.882,57.985 9.112,120.953 65.34,140.233c56.227,19.279 117.76,-12.648 137.642,-70.633c19.882,-57.984 -9.112,-120.953 -65.34,-140.232c-56.227,-19.28 -117.76,12.648 -137.642,70.632Z\" style=\"fill:#393939;\"><\/path><\/g><\/svg>\t\t\t<\/div>\n\t\t<\/div>\n\t\t\t\t\t\t<\/div>\n\t\t\t\t<div class=\"elementor-element elementor-element-4eb9e80 elementor-widget elementor-widget-stm_empty_space\" data-id=\"4eb9e80\" data-element_type=\"widget\" data-e-type=\"widget\" data-widget_type=\"stm_empty_space.default\">\n\t\t\t\t<div class=\"elementor-widget-container\">\n\t\t\t\t\t    <style type=\"text\/css\">\n        @media (max-width: 1440px) {\n            .module__b7ce04b18b260509d6b7a7fc2d6af7f2 {\n                height : 150px !important;\n            }\n        }\n    <\/style>\n    <style type=\"text\/css\">\n        @media (max-width: 1024px) {\n            .module__b7ce04b18b260509d6b7a7fc2d6af7f2 {\n                height : 180px !important;\n            }\n        }\n    <\/style>\n    <style type=\"text\/css\">\n        @media (max-width: 768px) {\n            .module__b7ce04b18b260509d6b7a7fc2d6af7f2 {\n                height : 150px !important;\n            }\n        }\n    <\/style>\n\n<div class=\"masterstudy_elementor_empty_space module__b7ce04b18b260509d6b7a7fc2d6af7f2\"\n         style=\"height: 32px\" >\n    <span class=\"vc_empty_space_inner\"><\/span>\n<\/div>\n\t\t\t\t<\/div>\n\t\t\t\t<\/div>\n\t\t\t\t\t<\/div>\n\t\t<\/div>\n\t\t\t\t\t<\/div>\n\t\t<\/section>\n\t\t<div class=\"elementor-element elementor-element-5e41adb e-flex e-con-boxed e-con e-parent\" data-id=\"5e41adb\" data-element_type=\"container\" data-e-type=\"container\" data-settings=\"{&quot;background_background&quot;:&quot;classic&quot;}\">\n\t\t\t\t\t<div class=\"e-con-inner\">\n\t\t\t\t<div class=\"elementor-element elementor-element-be98fc6 elementor-widget elementor-widget-spacer\" data-id=\"be98fc6\" data-element_type=\"widget\" data-e-type=\"widget\" data-widget_type=\"spacer.default\">\n\t\t\t\t\t\t\t<div class=\"elementor-spacer\">\n\t\t\t<div class=\"elementor-spacer-inner\"><\/div>\n\t\t<\/div>\n\t\t\t\t\t\t<\/div>\n\t\t\t\t<div class=\"elementor-element elementor-element-1b7e95f elementor-widget elementor-widget-heading\" data-id=\"1b7e95f\" data-element_type=\"widget\" data-e-type=\"widget\" data-widget_type=\"heading.default\">\n\t\t\t\t\t<h2 class=\"elementor-heading-title elementor-size-default\">SERVICIOS<\/h2>\t\t\t\t<\/div>\n\t\t\t\t<div class=\"elementor-element elementor-element-78e4adb elementor-widget elementor-widget-text-editor\" data-id=\"78e4adb\" data-element_type=\"widget\" data-e-type=\"widget\" data-widget_type=\"text-editor.default\">\n\t\t\t\t\t\t\t\t\t<p><span style=\"font-weight: 400;\">Acompa\u00f1amos la transformaci\u00f3n de entornos hacia modelos m\u00e1s seguros e inclusivos.<\/span><\/p>\n\t\t\t\t\t\t\t\t<\/div>\n\t\t<div class=\"elementor-element elementor-element-00f40ed e-grid e-con-full e-con e-child\" data-id=\"00f40ed\" data-element_type=\"container\" data-e-type=\"container\">\n\t\t\t\t<div class=\"elementor-element elementor-element-42c3ce2 elementor-widget elementor-widget-text-editor\" data-id=\"42c3ce2\" data-element_type=\"widget\" data-e-type=\"widget\" data-widget_type=\"text-editor.default\">\n\t\t\t\t\t\t\t\t\t<p><a href=\"https:\/\/collectiuargelaga.org\/es\/accions-educatives\/\"><strong>ACCIONES<br \/>EDUCATIVAS<\/strong><\/a><\/p>\n\t\t\t\t\t\t\t\t<\/div>\n\t\t\t\t<div class=\"elementor-element elementor-element-97ab700 elementor-widget elementor-widget-text-editor\" data-id=\"97ab700\" data-element_type=\"widget\" data-e-type=\"widget\" data-widget_type=\"text-editor.default\">\n\t\t\t\t\t\t\t\t\t<p><a href=\"https:\/\/collectiuargelaga.org\/es\/acompanyaments\/\"><strong>ACOMPA\u00d1AMIENTOS<\/strong><\/a><\/p>\n\t\t\t\t\t\t\t\t<\/div>\n\t\t\t\t<div class=\"elementor-element elementor-element-b8f02f9 elementor-widget elementor-widget-text-editor\" data-id=\"b8f02f9\" data-element_type=\"widget\" data-e-type=\"widget\" data-widget_type=\"text-editor.default\">\n\t\t\t\t\t\t\t\t\t<p><a href=\"https:\/\/collectiuargelaga.org\/es\/mediacio-familiar-i-comunitaria\/\"><b>MEDIACI\u00d3N FAMILIAR Y COMUNITARIA<\/b><\/a><\/p>\n\t\t\t\t\t\t\t\t<\/div>\n\t\t\t\t<div class=\"elementor-element elementor-element-6cf6d07 elementor-widget elementor-widget-text-editor\" data-id=\"6cf6d07\" data-element_type=\"widget\" data-e-type=\"widget\" data-widget_type=\"text-editor.default\">\n\t\t\t\t\t\t\t\t\t<p><a href=\"https:\/\/collectiuargelaga.org\/es\/assessories\/\"><strong>ASESORAMIENTOS<\/strong><\/a><\/p>\n\t\t\t\t\t\t\t\t<\/div>\n\t\t\t\t<div class=\"elementor-element elementor-element-962f810 elementor-widget elementor-widget-text-editor\" data-id=\"962f810\" data-element_type=\"widget\" data-e-type=\"widget\" data-widget_type=\"text-editor.default\">\n\t\t\t\t\t\t\t\t\t<p><a href=\"https:\/\/collectiuargelaga.org\/es\/projectes-editorials\/\"><strong>PROYECTOS EDITORIALES<\/strong><\/a><\/p>\n\t\t\t\t\t\t\t\t<\/div>\n\t\t\t\t<div class=\"elementor-element elementor-element-17732be elementor-widget elementor-widget-text-editor\" data-id=\"17732be\" data-element_type=\"widget\" data-e-type=\"widget\" data-widget_type=\"text-editor.default\">\n\t\t\t\t\t\t\t\t\t<p><a href=\"https:\/\/collectiuargelaga.org\/es\/qui-som\/\"><strong>QUIENES <\/strong><strong>SOMOS<\/strong><\/a><\/p>\n\t\t\t\t\t\t\t\t<\/div>\n\t\t\t\t<\/div>\n\t\t\t\t<div class=\"elementor-element elementor-element-7ffcfe7 elementor-widget elementor-widget-spacer\" data-id=\"7ffcfe7\" data-element_type=\"widget\" data-e-type=\"widget\" data-widget_type=\"spacer.default\">\n\t\t\t\t\t\t\t<div class=\"elementor-spacer\">\n\t\t\t<div class=\"elementor-spacer-inner\"><\/div>\n\t\t<\/div>\n\t\t\t\t\t\t<\/div>\n\t\t\t\t\t<\/div>\n\t\t\t\t<\/div>\n\t\t<div class=\"elementor-element elementor-element-248951ad e-flex e-con-boxed e-con e-parent\" data-id=\"248951ad\" data-element_type=\"container\" data-e-type=\"container\" data-settings=\"{&quot;background_background&quot;:&quot;classic&quot;}\">\n\t\t\t\t\t<div class=\"e-con-inner\">\n\t\t<div class=\"elementor-element elementor-element-301fdb9 e-con-full e-flex e-con e-child\" data-id=\"301fdb9\" data-element_type=\"container\" data-e-type=\"container\">\n\t\t\t\t<div class=\"elementor-element elementor-element-a8481f7 elementor-invisible elementor-widget elementor-widget-heading\" data-id=\"a8481f7\" data-element_type=\"widget\" data-e-type=\"widget\" data-settings=\"{&quot;_animation&quot;:&quot;fadeInUp&quot;}\" data-widget_type=\"heading.default\">\n\t\t\t\t\t<h5 class=\"elementor-heading-title elementor-size-default\">Hablemos<\/h5>\t\t\t\t<\/div>\n\t\t\t\t<div class=\"elementor-element elementor-element-eb0ccce elementor-widget elementor-widget-heading\" data-id=\"eb0ccce\" data-element_type=\"widget\" data-e-type=\"widget\" data-widget_type=\"heading.default\">\n\t\t\t\t\t<h2 class=\"elementor-heading-title elementor-size-default\">\u00bfQuieres hacer camino con nosotros? Te acompa\u00f1amos<\/h2>\t\t\t\t<\/div>\n\t\t\t\t<div class=\"elementor-element elementor-element-ea6a935 elementor-align-center elementor-widget-mobile__width-inherit elementor-invisible elementor-widget elementor-widget-button\" data-id=\"ea6a935\" data-element_type=\"widget\" data-e-type=\"widget\" data-settings=\"{&quot;_animation&quot;:&quot;fadeInDown&quot;}\" data-widget_type=\"button.default\">\n\t\t\t\t\t\t\t\t\t\t<a class=\"elementor-button elementor-button-link elementor-size-md\" href=\"https:\/\/collectiuargelaga.org\/es\/contacte\/\">\n\t\t\t\t\t\t<span class=\"elementor-button-content-wrapper\">\n\t\t\t\t\t\t\t\t\t<span class=\"elementor-button-text\">Cont\u00e1ctanos<\/span>\n\t\t\t\t\t<\/span>\n\t\t\t\t\t<\/a>\n\t\t\t\t\t\t\t\t<\/div>\n\t\t\t\t<\/div>\n\t\t\t\t\t<\/div>\n\t\t\t\t<\/div>\n\t\t\t\t<\/div>","protected":false},"excerpt":{"rendered":"<p>Acci\u00f3 Comunit\u00e0ria Interseccional Acompanyem la transformaci\u00f3 d\u2019entorns cap a models m\u00e9s segurs i inclusius SERVEIS Acompanyem la transformaci\u00f3 d\u2019entorns cap a models m\u00e9s segurs i inclusius. ACCIONSEDUCATIVES ACOMPANYAMENTS MEDIACI\u00d3 FAMILIAR I COMUNIT\u00c0RIA ASSESSORAMENTS PROJECTES EDITORIALS QUI SOM Parlem Vols fer cam\u00ed amb nosaltres? T\u2019acompanyem Contacta\u2019ns<\/p>","protected":false},"author":1,"featured_media":0,"parent":0,"menu_order":0,"comment_status":"closed","ping_status":"closed","template":"elementor_header_footer","meta":{"_acf_changed":false,"footnotes":""},"class_list":["post-7","page","type-page","status-publish","hentry"],"acf":[],"_links":{"self":[{"href":"https:\/\/collectiuargelaga.org\/es\/wp-json\/wp\/v2\/pages\/7","targetHints":{"allow":["GET"]}}],"collection":[{"href":"https:\/\/collectiuargelaga.org\/es\/wp-json\/wp\/v2\/pages"}],"about":[{"href":"https:\/\/collectiuargelaga.org\/es\/wp-json\/wp\/v2\/types\/page"}],"author":[{"embeddable":true,"href":"https:\/\/collectiuargelaga.org\/es\/wp-json\/wp\/v2\/users\/1"}],"replies":[{"embeddable":true,"href":"https:\/\/collectiuargelaga.org\/es\/wp-json\/wp\/v2\/comments?post=7"}],"version-history":[{"count":102,"href":"https:\/\/collectiuargelaga.org\/es\/wp-json\/wp\/v2\/pages\/7\/revisions"}],"predecessor-version":[{"id":6311,"href":"https:\/\/collectiuargelaga.org\/es\/wp-json\/wp\/v2\/pages\/7\/revisions\/6311"}],"wp:attachment":[{"href":"https:\/\/collectiuargelaga.org\/es\/wp-json\/wp\/v2\/media?parent=7"}],"curies":[{"name":"wp","href":"https:\/\/api.w.org\/{rel}","templated":true}]}}